{"id":3382,"date":"2022-08-24T09:32:08","date_gmt":"2022-08-24T08:32:08","guid":{"rendered":"https:\/\/frerecapucinbenin.org\/?page_id=3382"},"modified":"2024-10-09T18:40:18","modified_gmt":"2024-10-09T17:40:18","slug":"panier","status":"publish","type":"page","link":"https:\/\/frerecapucinbenin.org\/?page_id=3382","title":{"rendered":"DEMANDE DE MESSE"},"content":{"rendered":"<div class=\"wp-block-jetpack-contact-form is-style-outlined\"><a href=\"https:\/\/frerecapucinbenin.org\/?page_id=3382\" target=\"_blank\" rel=\"noopener noreferrer\">Invia un modulo.<\/a><\/div>","protected":false},"excerpt":{"rendered":"","protected":false},"author":5,"featured_media":9243,"parent":0,"menu_order":0,"comment_status":"closed","ping_status":"closed","template":"","meta":{"_uag_custom_page_level_css":"","footnotes":""},"class_list":["post-3382","page","type-page","status-publish","has-post-thumbnail","hentry"],"yoast_head":"<!-- This site is optimized with the Yoast SEO plugin v21.5 - https:\/\/yoast.com\/wordpress\/plugins\/seo\/ -->\n<title>DEMANDE DE MESSE - Custodie des fr\u00e8res mineurs capucins au B\u00e9nin (INDL) L&#039;institut Notre Dame de Lorette \/ philosophat des capucins au Benin<\/title>\n<meta name=\"description\" content=\"(INDL) L&#039;institut Notre Dame de Lorette \/ philosophat des capucins au Benin\" \/>\n<meta name=\"robots\" content=\"index, follow, max-snippet:-1, max-image-preview:large, max-video-preview:-1\" \/>\n<link rel=\"canonical\" href=\"https:\/\/frerecapucinbenin.org\/?page_id=3382\" \/>\n<meta property=\"og:locale\" content=\"it_IT\" \/>\n<meta property=\"og:type\" content=\"article\" \/>\n<meta property=\"og:title\" content=\"DEMANDE DE MESSE - Custodie des fr\u00e8res mineurs capucins au B\u00e9nin (INDL) L&#039;institut Notre Dame de Lorette \/ philosophat des capucins au Benin\" \/>\n<meta property=\"og:description\" content=\"(INDL) L&#039;institut Notre Dame de Lorette \/ philosophat des capucins au Benin\" \/>\n<meta property=\"og:url\" content=\"https:\/\/frerecapucinbenin.org\/?page_id=3382\" \/>\n<meta property=\"og:site_name\" content=\"Custodie des fr\u00e8res mineurs capucins au B\u00e9nin\" \/>\n<meta property=\"article:publisher\" content=\"https:\/\/www.facebook.com\/capucin.dubenin\" \/>\n<meta property=\"article:modified_time\" content=\"2024-10-09T17:40:18+00:00\" \/>\n<meta property=\"og:image\" content=\"https:\/\/frerecapucinbenin.org\/wp-content\/uploads\/2024\/09\/R.jpg\" \/>\n\t<meta property=\"og:image:width\" content=\"811\" \/>\n\t<meta property=\"og:image:height\" content=\"519\" \/>\n\t<meta property=\"og:image:type\" content=\"image\/jpeg\" \/>\n<meta name=\"twitter:card\" content=\"summary_large_image\" \/>\n<script type=\"application\/ld+json\" class=\"yoast-schema-graph\">{\"@context\":\"https:\/\/schema.org\",\"@graph\":[{\"@type\":\"WebPage\",\"@id\":\"https:\/\/frerecapucinbenin.org\/?page_id=3382\",\"url\":\"https:\/\/frerecapucinbenin.org\/?page_id=3382\",\"name\":\"DEMANDE DE MESSE - Custodie des fr\u00e8res mineurs capucins au B\u00e9nin (INDL) L'institut Notre Dame de Lorette \/ philosophat des capucins au Benin\",\"isPartOf\":{\"@id\":\"https:\/\/frerecapucinbenin.org\/#website\"},\"datePublished\":\"2022-08-24T08:32:08+00:00\",\"dateModified\":\"2024-10-09T17:40:18+00:00\",\"description\":\"(INDL) L'institut Notre Dame de Lorette \/ philosophat des capucins au Benin\",\"breadcrumb\":{\"@id\":\"https:\/\/frerecapucinbenin.org\/?page_id=3382#breadcrumb\"},\"inLanguage\":\"it-IT\",\"potentialAction\":[{\"@type\":\"ReadAction\",\"target\":[\"https:\/\/frerecapucinbenin.org\/?page_id=3382\"]}]},{\"@type\":\"BreadcrumbList\",\"@id\":\"https:\/\/frerecapucinbenin.org\/?page_id=3382#breadcrumb\",\"itemListElement\":[{\"@type\":\"ListItem\",\"position\":1,\"name\":\"Accueil\",\"item\":\"https:\/\/frerecapucinbenin.org\/\"},{\"@type\":\"ListItem\",\"position\":2,\"name\":\"DEMANDE DE MESSE\"}]},{\"@type\":\"WebSite\",\"@id\":\"https:\/\/frerecapucinbenin.org\/#website\",\"url\":\"https:\/\/frerecapucinbenin.org\/\",\"name\":\"Custodie des fr\u00e8res mineurs capucins au B\u00e9nin\",\"description\":\"OFMCap.B\u00e9nin\",\"publisher\":{\"@id\":\"https:\/\/frerecapucinbenin.org\/#organization\"},\"alternateName\":\"CENTRE DE FORMATION EN PHILOSOPHIE ET EN FRANCISCANISME\",\"potentialAction\":[{\"@type\":\"SearchAction\",\"target\":{\"@type\":\"EntryPoint\",\"urlTemplate\":\"https:\/\/frerecapucinbenin.org\/?s={search_term_string}\"},\"query-input\":\"required name=search_term_string\"}],\"inLanguage\":\"it-IT\"},{\"@type\":\"Organization\",\"@id\":\"https:\/\/frerecapucinbenin.org\/#organization\",\"name\":\"Custodie des fr\u00e8res mineurs capucins au B\u00e9nin , fr\u00e8res mineurs capucins au B\u00e9nin, ofmcap.Benin \/ CENTRE DE FORMATION EN PHILOSOPHIE ET EN FRANCISCANISME\",\"alternateName\":\"fr\u00e8re capucin Benin\/ INDL INSTITUT NOTRE DAME DE LORETTE \/ PHILOSOPHAT DES CAPUCINS AU BENIN \/ CENTRE DE FORMATION EN PHILOSOPHIE ET EN FRANCISCANISME\",\"url\":\"https:\/\/frerecapucinbenin.org\/\",\"logo\":{\"@type\":\"ImageObject\",\"inLanguage\":\"it-IT\",\"@id\":\"https:\/\/frerecapucinbenin.org\/#\/schema\/logo\/image\/\",\"url\":\"https:\/\/frerecapucinbenin.org\/wp-content\/uploads\/2023\/07\/cropped-cropped-WhatsApp-Image-2023-07-19-a-09.47.57.jpg\",\"contentUrl\":\"https:\/\/frerecapucinbenin.org\/wp-content\/uploads\/2023\/07\/cropped-cropped-WhatsApp-Image-2023-07-19-a-09.47.57.jpg\",\"width\":1513,\"height\":1560,\"caption\":\"Custodie des fr\u00e8res mineurs capucins au B\u00e9nin , fr\u00e8res mineurs capucins au B\u00e9nin, ofmcap.Benin \/ CENTRE DE FORMATION EN PHILOSOPHIE ET EN FRANCISCANISME\"},\"image\":{\"@id\":\"https:\/\/frerecapucinbenin.org\/#\/schema\/logo\/image\/\"},\"sameAs\":[\"https:\/\/www.facebook.com\/capucin.dubenin\",\"https:\/\/www.youtube.com\/@frerescapben3721\"]}]}<\/script>\n<!-- \/ Yoast SEO plugin. -->","yoast_head_json":{"title":"DEMANDE DE MESSE - Custodie des fr\u00e8res mineurs capucins au B\u00e9nin (INDL) L'institut Notre Dame de Lorette \/ philosophat des capucins au Benin","description":"(INDL) L'institut Notre Dame de Lorette \/ philosophat des capucins au Benin","robots":{"index":"index","follow":"follow","max-snippet":"max-snippet:-1","max-image-preview":"max-image-preview:large","max-video-preview":"max-video-preview:-1"},"canonical":"https:\/\/frerecapucinbenin.org\/?page_id=3382","og_locale":"it_IT","og_type":"article","og_title":"DEMANDE DE MESSE - Custodie des fr\u00e8res mineurs capucins au B\u00e9nin (INDL) L'institut Notre Dame de Lorette \/ philosophat des capucins au Benin","og_description":"(INDL) L'institut Notre Dame de Lorette \/ philosophat des capucins au Benin","og_url":"https:\/\/frerecapucinbenin.org\/?page_id=3382","og_site_name":"Custodie des fr\u00e8res mineurs capucins au B\u00e9nin","article_publisher":"https:\/\/www.facebook.com\/capucin.dubenin","article_modified_time":"2024-10-09T17:40:18+00:00","og_image":[{"width":811,"height":519,"url":"https:\/\/frerecapucinbenin.org\/wp-content\/uploads\/2024\/09\/R.jpg","type":"image\/jpeg"}],"twitter_card":"summary_large_image","schema":{"@context":"https:\/\/schema.org","@graph":[{"@type":"WebPage","@id":"https:\/\/frerecapucinbenin.org\/?page_id=3382","url":"https:\/\/frerecapucinbenin.org\/?page_id=3382","name":"DEMANDE DE MESSE - Custodie des fr\u00e8res mineurs capucins au B\u00e9nin (INDL) L'institut Notre Dame de Lorette \/ philosophat des capucins au Benin","isPartOf":{"@id":"https:\/\/frerecapucinbenin.org\/#website"},"datePublished":"2022-08-24T08:32:08+00:00","dateModified":"2024-10-09T17:40:18+00:00","description":"(INDL) L'institut Notre Dame de Lorette \/ philosophat des capucins au Benin","breadcrumb":{"@id":"https:\/\/frerecapucinbenin.org\/?page_id=3382#breadcrumb"},"inLanguage":"it-IT","potentialAction":[{"@type":"ReadAction","target":["https:\/\/frerecapucinbenin.org\/?page_id=3382"]}]},{"@type":"BreadcrumbList","@id":"https:\/\/frerecapucinbenin.org\/?page_id=3382#breadcrumb","itemListElement":[{"@type":"ListItem","position":1,"name":"Accueil","item":"https:\/\/frerecapucinbenin.org\/"},{"@type":"ListItem","position":2,"name":"DEMANDE DE MESSE"}]},{"@type":"WebSite","@id":"https:\/\/frerecapucinbenin.org\/#website","url":"https:\/\/frerecapucinbenin.org\/","name":"Custodie des fr\u00e8res mineurs capucins au B\u00e9nin","description":"OFMCap.B\u00e9nin","publisher":{"@id":"https:\/\/frerecapucinbenin.org\/#organization"},"alternateName":"CENTRE DE FORMATION EN PHILOSOPHIE ET EN FRANCISCANISME","potentialAction":[{"@type":"SearchAction","target":{"@type":"EntryPoint","urlTemplate":"https:\/\/frerecapucinbenin.org\/?s={search_term_string}"},"query-input":"required name=search_term_string"}],"inLanguage":"it-IT"},{"@type":"Organization","@id":"https:\/\/frerecapucinbenin.org\/#organization","name":"Custodie des fr\u00e8res mineurs capucins au B\u00e9nin , fr\u00e8res mineurs capucins au B\u00e9nin, ofmcap.Benin \/ CENTRE DE FORMATION EN PHILOSOPHIE ET EN FRANCISCANISME","alternateName":"fr\u00e8re capucin Benin\/ INDL INSTITUT NOTRE DAME DE LORETTE \/ PHILOSOPHAT DES CAPUCINS AU BENIN \/ CENTRE DE FORMATION EN PHILOSOPHIE ET EN FRANCISCANISME","url":"https:\/\/frerecapucinbenin.org\/","logo":{"@type":"ImageObject","inLanguage":"it-IT","@id":"https:\/\/frerecapucinbenin.org\/#\/schema\/logo\/image\/","url":"https:\/\/frerecapucinbenin.org\/wp-content\/uploads\/2023\/07\/cropped-cropped-WhatsApp-Image-2023-07-19-a-09.47.57.jpg","contentUrl":"https:\/\/frerecapucinbenin.org\/wp-content\/uploads\/2023\/07\/cropped-cropped-WhatsApp-Image-2023-07-19-a-09.47.57.jpg","width":1513,"height":1560,"caption":"Custodie des fr\u00e8res mineurs capucins au B\u00e9nin , fr\u00e8res mineurs capucins au B\u00e9nin, ofmcap.Benin \/ CENTRE DE FORMATION EN PHILOSOPHIE ET EN FRANCISCANISME"},"image":{"@id":"https:\/\/frerecapucinbenin.org\/#\/schema\/logo\/image\/"},"sameAs":["https:\/\/www.facebook.com\/capucin.dubenin","https:\/\/www.youtube.com\/@frerescapben3721"]}]}},"jetpack_sharing_enabled":true,"uagb_featured_image_src":{"full":["https:\/\/frerecapucinbenin.org\/wp-content\/uploads\/2024\/09\/R.jpg",811,519,false],"thumbnail":["https:\/\/frerecapucinbenin.org\/wp-content\/uploads\/2024\/09\/R-150x150.jpg",150,150,true],"medium":["https:\/\/frerecapucinbenin.org\/wp-content\/uploads\/2024\/09\/R-300x192.jpg",300,192,true],"medium_large":["https:\/\/frerecapucinbenin.org\/wp-content\/uploads\/2024\/09\/R-768x491.jpg",474,303,true],"large":["https:\/\/frerecapucinbenin.org\/wp-content\/uploads\/2024\/09\/R.jpg",474,303,false],"1536x1536":["https:\/\/frerecapucinbenin.org\/wp-content\/uploads\/2024\/09\/R.jpg",811,519,false],"2048x2048":["https:\/\/frerecapucinbenin.org\/wp-content\/uploads\/2024\/09\/R.jpg",811,519,false],"wptouch-new-thumbnail":["https:\/\/frerecapucinbenin.org\/wp-content\/uploads\/2024\/09\/R-144x144.jpg",144,144,true],"post-thumbnail":["https:\/\/frerecapucinbenin.org\/wp-content\/uploads\/2024\/09\/R-672x372.jpg",672,372,true],"twentyfourteen-full-width":["https:\/\/frerecapucinbenin.org\/wp-content\/uploads\/2024\/09\/R.jpg",811,519,false],"woocommerce_thumbnail":["https:\/\/frerecapucinbenin.org\/wp-content\/uploads\/2024\/09\/R-150x150.jpg",150,150,true],"woocommerce_single":["https:\/\/frerecapucinbenin.org\/wp-content\/uploads\/2024\/09\/R-300x192.jpg",300,192,true],"woocommerce_gallery_thumbnail":["https:\/\/frerecapucinbenin.org\/wp-content\/uploads\/2024\/09\/R-100x100.jpg",100,100,true]},"uagb_author_info":{"display_name":"OFMCap.Benin","author_link":"https:\/\/frerecapucinbenin.org\/?author=5"},"uagb_comment_info":0,"uagb_excerpt":null,"_links":{"self":[{"href":"https:\/\/frerecapucinbenin.org\/index.php?rest_route=\/wp\/v2\/pages\/3382","targetHints":{"allow":["GET"]}}],"collection":[{"href":"https:\/\/frerecapucinbenin.org\/index.php?rest_route=\/wp\/v2\/pages"}],"about":[{"href":"https:\/\/frerecapucinbenin.org\/index.php?rest_route=\/wp\/v2\/types\/page"}],"author":[{"embeddable":true,"href":"https:\/\/frerecapucinbenin.org\/index.php?rest_route=\/wp\/v2\/users\/5"}],"replies":[{"embeddable":true,"href":"https:\/\/frerecapucinbenin.org\/index.php?rest_route=%2Fwp%2Fv2%2Fcomments&post=3382"}],"version-history":[{"count":12,"href":"https:\/\/frerecapucinbenin.org\/index.php?rest_route=\/wp\/v2\/pages\/3382\/revisions"}],"predecessor-version":[{"id":9353,"href":"https:\/\/frerecapucinbenin.org\/index.php?rest_route=\/wp\/v2\/pages\/3382\/revisions\/9353"}],"wp:featuredmedia":[{"embeddable":true,"href":"https:\/\/frerecapucinbenin.org\/index.php?rest_route=\/wp\/v2\/media\/9243"}],"wp:attachment":[{"href":"https:\/\/frerecapucinbenin.org\/index.php?rest_route=%2Fwp%2Fv2%2Fmedia&parent=3382"}],"curies":[{"name":"wp","href":"https:\/\/api.w.org\/{rel}","templated":true}]}}